{"id":9622,"date":"2022-12-08T22:16:21","date_gmt":"2022-12-08T21:16:21","guid":{"rendered":"https:\/\/geehootek.com\/our-apps-hu\/"},"modified":"2026-02-16T22:01:35","modified_gmt":"2026-02-16T21:01:35","slug":"our-apps-hu","status":"publish","type":"page","link":"https:\/\/geehootek.com\/hu\/our-apps-hu\/","title":{"rendered":"Alkalmaz\u00e1saink"},"content":{"rendered":"\t\t<div data-elementor-type=\"wp-page\" data-elementor-id=\"9622\" class=\"elementor elementor-9622 elementor-9194\">\n\t\t\t\t\t\t<section class=\"elementor-section elementor-top-section elementor-element elementor-element-e6c4d7d elementor-section-content-middle wd-section-stretch elementor-section-boxed elementor-section-height-default elementor-section-height-default\" data-id=\"e6c4d7d\" data-element_type=\"section\" data-settings=\"{&quot;background_background&quot;:&quot;gradient&quot;}\">\n\t\t\t\t\t\t<div class=\"elementor-container elementor-column-gap-default\">\n\t\t\t\t\t<div class=\"elementor-column elementor-col-100 elementor-top-column elementor-element elementor-element-53e6023\" data-id=\"53e6023\" data-element_type=\"column\">\n\t\t\t<div class=\"elementor-widget-wrap elementor-element-populated\">\n\t\t\t\t\t\t<div class=\"elementor-element elementor-element-a510c8e elementor-widget elementor-widget-wd_title\" data-id=\"a510c8e\" data-element_type=\"widget\" data-widget_type=\"wd_title.default\">\n\t\t\t\t<div class=\"elementor-widget-container\">\n\t\t\t\t\t\t\t<div class=\"title-wrapper set-mb-s reset-last-child wd-title-color-white wd-title-style-default wd-title-size-large text-center\">\n\n\t\t\t\n\t\t\t<div class=\"liner-continer\">\n\t\t\t\t<h4 class=\"woodmart-title-container title wd-fontsize-xxl\">Alkalmaz\u00e1saink<\/h4> \n\t\t\t\t\t\t\t<\/div>\n\n\t\t\t\t\t<\/div>\n\t\t\t\t\t\t<\/div>\n\t\t\t\t<\/div>\n\t\t\t\t<div class=\"elementor-element elementor-element-9db1bb0 text-center light-custom-breadcrumbs wd-single-breadcrumbs wd-breadcrumbs elementor-widget elementor-widget-wd_wc_breadcrumb\" data-id=\"9db1bb0\" data-element_type=\"widget\" data-widget_type=\"wd_wc_breadcrumb.default\">\n\t\t\t\t<div class=\"elementor-widget-container\">\n\t\t\t\t\t<nav class=\"woocommerce-breadcrumb\" aria-label=\"Breadcrumb\">\t\t\t\t<span class=\"breadcrumb-last\">\n\t\t\t\t\tKezd\u0151lap\t\t\t\t<\/span>\n\t\t\t<\/nav>\t\t\t\t<\/div>\n\t\t\t\t<\/div>\n\t\t\t\t<div class=\"elementor-element elementor-element-4f4df5f elementor-widget-divider--view-line elementor-widget elementor-widget-divider\" data-id=\"4f4df5f\" data-element_type=\"widget\" data-widget_type=\"divider.default\">\n\t\t\t\t<div class=\"elementor-widget-container\">\n\t\t\t\t\t\t\t<div class=\"elementor-divider\">\n\t\t\t<span class=\"elementor-divider-separator\">\n\t\t\t\t\t\t<\/span>\n\t\t<\/div>\n\t\t\t\t\t\t<\/div>\n\t\t\t\t<\/div>\n\t\t\t\t<section class=\"elementor-section elementor-inner-section elementor-element elementor-element-9175bf4 elementor-section-content-middle elementor-section-boxed elementor-section-height-default elementor-section-height-default wd-section-disabled\" data-id=\"9175bf4\" data-element_type=\"section\">\n\t\t\t\t\t\t<div class=\"elementor-container elementor-column-gap-default\">\n\t\t\t\t\t<div class=\"elementor-column elementor-col-50 elementor-inner-column elementor-element elementor-element-24d427d\" data-id=\"24d427d\" data-element_type=\"column\">\n\t\t\t<div class=\"elementor-widget-wrap elementor-element-populated\">\n\t\t\t\t\t\t<div class=\"elementor-element elementor-element-cca5c4b wd-animation-slide-from-left wd-animation-normal wd_delay_100 elementor-widget elementor-widget-wd_image_or_svg\" data-id=\"cca5c4b\" data-element_type=\"widget\" data-widget_type=\"wd_image_or_svg.default\">\n\t\t\t\t<div class=\"elementor-widget-container\">\n\t\t\t\t\t\n\t\t<div class=\"wd-image text-center\">\n\t\t\t\t\t\t\t\t<img decoding=\"async\" src=\"https:\/\/geehootek.com\/wp-content\/uploads\/elementor\/thumbs\/btbots-pc-pyvn825p2wz56xsclsvwez55snsjs4q87o6wkzh1gg.png\" title=\"btbots-pc\" alt=\"btbots-pc\" loading=\"lazy\" \/>\t\t\t\t\t<\/div>\n\n\t\t\t\t\t\t<\/div>\n\t\t\t\t<\/div>\n\t\t\t\t\t<\/div>\n\t\t<\/div>\n\t\t\t\t<div class=\"elementor-column elementor-col-50 elementor-inner-column elementor-element elementor-element-c421590\" data-id=\"c421590\" data-element_type=\"column\">\n\t\t\t<div class=\"elementor-widget-wrap elementor-element-populated\">\n\t\t\t\t\t\t<div class=\"elementor-element elementor-element-6feb3e5 elementor-widget elementor-widget-wd_title\" data-id=\"6feb3e5\" data-element_type=\"widget\" data-widget_type=\"wd_title.default\">\n\t\t\t\t<div class=\"elementor-widget-container\">\n\t\t\t\t\t\t\t<div class=\"title-wrapper set-mb-s reset-last-child wd-title-color-white wd-title-style-default wd-title-size-large text-left\">\n\n\t\t\t\n\t\t\t<div class=\"liner-continer\">\n\t\t\t\t<h4 class=\"woodmart-title-container title wd-fontsize-xxl\">Btbots - Kriptokeresked\u00e9si robotok<\/h4> \n\t\t\t\t\t\t\t<\/div>\n\n\t\t\t\t\t\t\t<div class=\"title-after_title set-cont-mb-s reset-last-child wd-fontsize-s\">\n\t\t\t\t\t<p>Egy teljesen ingyenes kriptovaluta automatikus keresked\u00e9si robotrendszer, amely a Binance keresked\u00e9si platformhoz csatlakozva k\u00fcl\u00f6nf\u00e9le kriptovaluta automatikus keresked\u00e9si strat\u00e9gi\u00e1kat val\u00f3s\u00edt meg.<\/p>\t\t\t\t<\/div>\n\t\t\t\t\t<\/div>\n\t\t\t\t\t\t<\/div>\n\t\t\t\t<\/div>\n\t\t\t\t\t<\/div>\n\t\t<\/div>\n\t\t\t\t\t<\/div>\n\t\t<\/section>\n\t\t\t\t\t<\/div>\n\t\t<\/div>\n\t\t\t\t\t<\/div>\n\t\t<\/section>\n\t\t\t\t<section class=\"elementor-section elementor-top-section elementor-element elementor-element-9f049e5 elementor-section-content-middle wd-section-stretch elementor-reverse-mobile elementor-section-boxed elementor-section-height-default elementor-section-height-default\" data-id=\"9f049e5\" data-element_type=\"section\" data-settings=\"{&quot;background_background&quot;:&quot;gradient&quot;}\">\n\t\t\t\t\t\t<div class=\"elementor-container elementor-column-gap-default\">\n\t\t\t\t\t<div class=\"elementor-column elementor-col-50 elementor-top-column elementor-element elementor-element-4cbe3cc\" data-id=\"4cbe3cc\" data-element_type=\"column\">\n\t\t\t<div class=\"elementor-widget-wrap elementor-element-populated\">\n\t\t\t\t\t\t<div class=\"elementor-element elementor-element-f23e929 elementor-widget elementor-widget-wd_title\" data-id=\"f23e929\" data-element_type=\"widget\" data-widget_type=\"wd_title.default\">\n\t\t\t\t<div class=\"elementor-widget-container\">\n\t\t\t\t\t\t\t<div class=\"title-wrapper set-mb-s reset-last-child wd-title-color-white wd-title-style-default wd-title-size-large text-left\">\n\n\t\t\t\n\t\t\t<div class=\"liner-continer\">\n\t\t\t\t<h4 class=\"woodmart-title-container title wd-fontsize-xxl\">MyNoteBook \u2013 Szem\u00e9lyes jegyzetf\u00fczet<\/h4> \n\t\t\t\t\t\t\t<\/div>\n\n\t\t\t\t\t\t\t<div class=\"title-after_title set-cont-mb-s reset-last-child wd-fontsize-s\">\n\t\t\t\t\t<p><strong>MyNoteBook<\/strong> egy szem\u00e9lyes tud\u00e1skezel\u0151 alkalmaz\u00e1s, amelynek c\u00e9lja, hogy gondolataidat, jegyzeteidet \u00e9s \u00f6tleteidet egyszer\u0171en \u00e9s rendszerezett m\u00f3don r\u00f6gz\u00edtse.<br \/>Seg\u00edt a sz\u00e9tsz\u00f3rt inform\u00e1ci\u00f3kat struktur\u00e1lt tud\u00e1ss\u00e1 alak\u00edtani, amelyet k\u00f6nnyen kereshetsz, \u00f6sszekapcsolhatsz \u00e9s \u00fajra felhaszn\u00e1lhatsz.<br \/>Ak\u00e1r tanulsz, tervezel vagy visszatekintesz, a MyNoteBook mindent \u00e1tl\u00e1that\u00f3an \u00e9s mindig k\u00e9zn\u00e9l tart.<\/p><br>\t\t\t\t<\/div>\n\t\t\t\t\t<\/div>\n\t\t\t\t\t\t<\/div>\n\t\t\t\t<\/div>\n\t\t\t\t<div class=\"elementor-element elementor-element-e81e296 elementor-widget__width-initial elementor-widget elementor-widget-wd_button\" data-id=\"e81e296\" data-element_type=\"widget\" data-widget_type=\"wd_button.default\">\n\t\t\t\t<div class=\"elementor-widget-container\">\n\t\t\t\t\t\t\t<div class=\"wd-button-wrapper text-left\" >\n\t\t\t<a class=\"btn btn-style-bordered btn-style-round btn-size-default btn-color-primary btn-full-width btn-icon-pos-left\"  href=\"https:\/\/geehootek.com\/wp-content\/uploads\/2026\/02\/MyNoteBook-v1.0.3.zip\" target=\"_blank\" rel=\"nofollow noopener\">\n\t\t\t\t<span class=\"wd-btn-text\" data-elementor-setting-key=\"text\">\n\t\t\t\t\tLet\u00f6lt\u00e9s most\t\t\t\t<\/span>\n\n\t\t\t\t\t\t\t\t\t<span class=\"wd-btn-icon\">\n\t\t\t\t\t\t<span class=\"wd-icon fas fa-download\"><\/span>\t\t\t\t\t<\/span>\n\t\t\t\t\t\t\t<\/a>\n\t\t<\/div>\n\t\t\t\t\t\t<\/div>\n\t\t\t\t<\/div>\n\t\t\t\t\t<\/div>\n\t\t<\/div>\n\t\t\t\t<div class=\"elementor-column elementor-col-50 elementor-top-column elementor-element elementor-element-a379c08\" data-id=\"a379c08\" data-element_type=\"column\">\n\t\t\t<div class=\"elementor-widget-wrap elementor-element-populated\">\n\t\t\t\t\t\t<div class=\"elementor-element elementor-element-b1c9c63 wd-animation-slide-from-left wd-animation-normal wd_delay_100 elementor-widget elementor-widget-wd_image_or_svg\" data-id=\"b1c9c63\" data-element_type=\"widget\" data-widget_type=\"wd_image_or_svg.default\">\n\t\t\t\t<div class=\"elementor-widget-container\">\n\t\t\t\t\t\n\t\t<div class=\"wd-image text-left\">\n\t\t\t\t\t\t\t\t<img fetchpriority=\"high\" decoding=\"async\" width=\"1024\" height=\"574\" src=\"https:\/\/geehootek.com\/wp-content\/uploads\/2026\/02\/MyNoteBook-1024x574.jpg\" class=\"attachment-large size-large wp-image-10059\" alt=\"\" srcset=\"https:\/\/geehootek.com\/wp-content\/uploads\/2026\/02\/MyNoteBook-1024x574.jpg 1024w, https:\/\/geehootek.com\/wp-content\/uploads\/2026\/02\/MyNoteBook-300x168.jpg 300w, https:\/\/geehootek.com\/wp-content\/uploads\/2026\/02\/MyNoteBook-768x431.jpg 768w, https:\/\/geehootek.com\/wp-content\/uploads\/2026\/02\/MyNoteBook-1200x673.jpg 1200w, https:\/\/geehootek.com\/wp-content\/uploads\/2026\/02\/MyNoteBook-150x84.jpg 150w, https:\/\/geehootek.com\/wp-content\/uploads\/2026\/02\/MyNoteBook.jpg 1426w\" sizes=\"(max-width: 1024px) 100vw, 1024px\" \/>\t\t\t\t\t<\/div>\n\n\t\t\t\t\t\t<\/div>\n\t\t\t\t<\/div>\n\t\t\t\t\t<\/div>\n\t\t<\/div>\n\t\t\t\t\t<\/div>\n\t\t<\/section>\n\t\t\t\t<section class=\"elementor-section elementor-top-section elementor-element elementor-element-629ac78 elementor-section-content-middle wd-section-stretch elementor-section-boxed elementor-section-height-default elementor-section-height-default\" data-id=\"629ac78\" data-element_type=\"section\" data-settings=\"{&quot;background_background&quot;:&quot;gradient&quot;}\">\n\t\t\t\t\t\t<div class=\"elementor-container elementor-column-gap-default\">\n\t\t\t\t\t<div class=\"elementor-column elementor-col-50 elementor-top-column elementor-element elementor-element-fe601d8\" data-id=\"fe601d8\" data-element_type=\"column\">\n\t\t\t<div class=\"elementor-widget-wrap elementor-element-populated\">\n\t\t\t\t\t\t<div class=\"elementor-element elementor-element-f9d5993 wd-animation-slide-from-left wd-animation-normal wd_delay_100 elementor-widget elementor-widget-wd_image_or_svg\" data-id=\"f9d5993\" data-element_type=\"widget\" data-widget_type=\"wd_image_or_svg.default\">\n\t\t\t\t<div class=\"elementor-widget-container\">\n\t\t\t\t\t\n\t\t<div class=\"wd-image text-left\">\n\t\t\t\t\t\t\t\t<img decoding=\"async\" width=\"1024\" height=\"500\" src=\"https:\/\/geehootek.com\/wp-content\/uploads\/2022\/12\/featured.jpg\" class=\"attachment-large size-large wp-image-9212\" alt=\"\" srcset=\"https:\/\/geehootek.com\/wp-content\/uploads\/2022\/12\/featured.jpg 1024w, https:\/\/geehootek.com\/wp-content\/uploads\/2022\/12\/featured-300x146.jpg 300w, https:\/\/geehootek.com\/wp-content\/uploads\/2022\/12\/featured-768x375.jpg 768w, https:\/\/geehootek.com\/wp-content\/uploads\/2022\/12\/featured-150x73.jpg 150w\" sizes=\"(max-width: 1024px) 100vw, 1024px\" \/>\t\t\t\t\t<\/div>\n\n\t\t\t\t\t\t<\/div>\n\t\t\t\t<\/div>\n\t\t\t\t\t<\/div>\n\t\t<\/div>\n\t\t\t\t<div class=\"elementor-column elementor-col-50 elementor-top-column elementor-element elementor-element-4534e95\" data-id=\"4534e95\" data-element_type=\"column\">\n\t\t\t<div class=\"elementor-widget-wrap elementor-element-populated\">\n\t\t\t\t\t\t<div class=\"elementor-element elementor-element-a9d3f73 elementor-widget elementor-widget-wd_title\" data-id=\"a9d3f73\" data-element_type=\"widget\" data-widget_type=\"wd_title.default\">\n\t\t\t\t<div class=\"elementor-widget-container\">\n\t\t\t\t\t\t\t<div class=\"title-wrapper set-mb-s reset-last-child wd-title-color-white wd-title-style-default wd-title-size-large text-left\">\n\n\t\t\t\n\t\t\t<div class=\"liner-continer\">\n\t\t\t\t<h4 class=\"woodmart-title-container title wd-fontsize-xxl\">Exrate \u2013 Deviza\u00e1rfolyamok \u00e9s kripto\u00e1rak<\/h4> \n\t\t\t\t\t\t\t<\/div>\n\n\t\t\t\t\t\t\t<div class=\"title-after_title set-cont-mb-s reset-last-child wd-fontsize-s\">\n\t\t\t\t\t<p>Az Exrate alkalmaz\u00e1ssal k\u00f6nnyed\u00e9n el\u00e9rheted a glob\u00e1lis deviza\u00e1rfolyamokat \u00e9s t\u00f6bb sz\u00e1z kriptovaluta legfrissebb \u00e1rfolyam\u00e1t.<\/p><br><p>A vil\u00e1gos \u00e9s s\u00f6t\u00e9t t\u00e9m\u00e1k igazodnak az egy\u00e9ni ig\u00e9nyeidhez. A p\u00e9nznemek list\u00e1ja egyszer\u0171en \u00e1trendezhet\u0151 az \u00e1ttekinthet\u0151bb megjelen\u00edt\u00e9s \u00e9rdek\u00e9ben. Egy be\u00e9p\u00edtett, egyszer\u0171 sz\u00e1mol\u00f3g\u00e9p seg\u00edts\u00e9g\u00e9vel pedig k\u00f6nnyen kisz\u00e1molhatod a lek\u00e9rdezni k\u00edv\u00e1nt \u00f6sszegeket.<\/p><br>\t\t\t\t<\/div>\n\t\t\t\t\t<\/div>\n\t\t\t\t\t\t<\/div>\n\t\t\t\t<\/div>\n\t\t\t\t<div class=\"elementor-element elementor-element-a6fde29 elementor-widget__width-initial elementor-widget elementor-widget-wd_button\" data-id=\"a6fde29\" data-element_type=\"widget\" data-widget_type=\"wd_button.default\">\n\t\t\t\t<div class=\"elementor-widget-container\">\n\t\t\t\t\t\t\t<div class=\"wd-button-wrapper text-left\" >\n\t\t\t<a class=\"btn btn-style-bordered btn-style-round btn-size-default btn-color-primary btn-full-width btn-icon-pos-left\"  href=\"https:\/\/play.google.com\/store\/apps\/details?id=com.geehootek.exrate\" target=\"_blank\" rel=\"nofollow noopener\">\n\t\t\t\t<span class=\"wd-btn-text\" data-elementor-setting-key=\"text\">\n\t\t\t\t\tLet\u00f6lt\u00e9s a Google Play \u00e1ruh\u00e1zb\u00f3l\t\t\t\t<\/span>\n\n\t\t\t\t\t\t\t\t\t<span class=\"wd-btn-icon\">\n\t\t\t\t\t\t<span class=\"wd-icon fab fa-google-play\"><\/span>\t\t\t\t\t<\/span>\n\t\t\t\t\t\t\t<\/a>\n\t\t<\/div>\n\t\t\t\t\t\t<\/div>\n\t\t\t\t<\/div>\n\t\t\t\t\t<\/div>\n\t\t<\/div>\n\t\t\t\t\t<\/div>\n\t\t<\/section>\n\t\t\t\t<section class=\"elementor-section elementor-top-section elementor-element elementor-element-54f9a4e elementor-section-content-middle wd-section-stretch elementor-reverse-mobile elementor-section-boxed elementor-section-height-default elementor-section-height-default\" data-id=\"54f9a4e\" data-element_type=\"section\" data-settings=\"{&quot;background_background&quot;:&quot;gradient&quot;}\">\n\t\t\t\t\t\t<div class=\"elementor-container elementor-column-gap-default\">\n\t\t\t\t\t<div class=\"elementor-column elementor-col-50 elementor-top-column elementor-element elementor-element-1018584\" data-id=\"1018584\" data-element_type=\"column\">\n\t\t\t<div class=\"elementor-widget-wrap elementor-element-populated\">\n\t\t\t\t\t\t<div class=\"elementor-element elementor-element-1adc5f5 elementor-widget elementor-widget-wd_title\" data-id=\"1adc5f5\" data-element_type=\"widget\" data-widget_type=\"wd_title.default\">\n\t\t\t\t<div class=\"elementor-widget-container\">\n\t\t\t\t\t\t\t<div class=\"title-wrapper set-mb-s reset-last-child wd-title-color-white wd-title-style-default wd-title-size-large text-left\">\n\n\t\t\t\n\t\t\t<div class=\"liner-continer\">\n\t\t\t\t<h4 class=\"woodmart-title-container title wd-fontsize-xxl\">Haobo Mahjong<\/h4> \n\t\t\t\t\t\t\t<\/div>\n\n\t\t\t\t\t\t\t<div class=\"title-after_title set-cont-mb-s reset-last-child wd-fontsize-s\">\n\t\t\t\t\t<p>Sok\u00e9ves mahjong versenytapasztalatra \u00e9p\u00fcl. A gyors k\u00e9rd\u00e9s\u2013v\u00e1lasz m\u00f3dszert alkalmazza, \u00e9s a j\u00e1t\u00e9kosok k\u00e9pz\u00e9s\u00e9re \u00f6sszpontos\u00edt.<br \/>Az alkalmaz\u00e1s tartalmazza az alap- \u00e9s halad\u00f3 szintekhez sz\u00fcks\u00e9ges ismereteket: lap-hat\u00e9konys\u00e1gi (maxim\u00e1lis val\u00f3sz\u00edn\u0171s\u00e9g) els\u0151 hallgat\u00e1s gyakorl\u00e1sa, lapkvantifik\u00e1ci\u00f3s (egyedi lapok kvantifik\u00e1l\u00e1sa) gyakorlat, lapfejl\u0151d\u00e9si (hallgat\u00e1si d\u00f6nt\u00e9s) gyakorlat, valamint klasszikus h\u00faz\u00e1s\u2013megszak\u00edt\u00e1s hallgat\u00e1si gyakorlat.<\/p><br>\t\t\t\t<\/div>\n\t\t\t\t\t<\/div>\n\t\t\t\t\t\t<\/div>\n\t\t\t\t<\/div>\n\t\t\t\t<div class=\"elementor-element elementor-element-21e4306 elementor-widget__width-initial elementor-widget elementor-widget-wd_button\" data-id=\"21e4306\" data-element_type=\"widget\" data-widget_type=\"wd_button.default\">\n\t\t\t\t<div class=\"elementor-widget-container\">\n\t\t\t\t\t\t\t<div class=\"wd-button-wrapper text-left\" >\n\t\t\t<a class=\"btn btn-style-bordered btn-style-round btn-size-default btn-color-primary btn-full-width btn-icon-pos-left\"  href=\"https:\/\/play.google.com\/store\/apps\/details?id=com.geehootek.geehoo_majiang\" target=\"_blank\" rel=\"nofollow noopener\">\n\t\t\t\t<span class=\"wd-btn-text\" data-elementor-setting-key=\"text\">\n\t\t\t\t\tLet\u00f6lt\u00e9s a Google Play \u00e1ruh\u00e1zb\u00f3l\t\t\t\t<\/span>\n\n\t\t\t\t\t\t\t\t\t<span class=\"wd-btn-icon\">\n\t\t\t\t\t\t<span class=\"wd-icon fab fa-google-play\"><\/span>\t\t\t\t\t<\/span>\n\t\t\t\t\t\t\t<\/a>\n\t\t<\/div>\n\t\t\t\t\t\t<\/div>\n\t\t\t\t<\/div>\n\t\t\t\t\t<\/div>\n\t\t<\/div>\n\t\t\t\t<div class=\"elementor-column elementor-col-50 elementor-top-column elementor-element elementor-element-1d82225\" data-id=\"1d82225\" data-element_type=\"column\">\n\t\t\t<div class=\"elementor-widget-wrap elementor-element-populated\">\n\t\t\t\t\t\t<div class=\"elementor-element elementor-element-91e784e wd-animation-slide-from-right wd-animation-normal wd_delay_100 elementor-widget elementor-widget-wd_image_or_svg\" data-id=\"91e784e\" data-element_type=\"widget\" data-widget_type=\"wd_image_or_svg.default\">\n\t\t\t\t<div class=\"elementor-widget-container\">\n\t\t\t\t\t\n\t\t<div class=\"wd-image text-left\">\n\t\t\t\t\t\t\t\t<img decoding=\"async\" width=\"1024\" height=\"485\" src=\"https:\/\/geehootek.com\/wp-content\/uploads\/2022\/12\/Advanced-Rank-1-e1670535377439-1024x485.png\" class=\"attachment-large size-large wp-image-9200\" alt=\"\" srcset=\"https:\/\/geehootek.com\/wp-content\/uploads\/2022\/12\/Advanced-Rank-1-e1670535377439-1024x485.png 1024w, https:\/\/geehootek.com\/wp-content\/uploads\/2022\/12\/Advanced-Rank-1-e1670535377439-300x142.png 300w, https:\/\/geehootek.com\/wp-content\/uploads\/2022\/12\/Advanced-Rank-1-e1670535377439-768x364.png 768w, https:\/\/geehootek.com\/wp-content\/uploads\/2022\/12\/Advanced-Rank-1-e1670535377439-150x71.png 150w, https:\/\/geehootek.com\/wp-content\/uploads\/2022\/12\/Advanced-Rank-1-e1670535377439.png 1080w\" sizes=\"(max-width: 1024px) 100vw, 1024px\" \/>\t\t\t\t\t<\/div>\n\n\t\t\t\t\t\t<\/div>\n\t\t\t\t<\/div>\n\t\t\t\t\t<\/div>\n\t\t<\/div>\n\t\t\t\t\t<\/div>\n\t\t<\/section>\n\t\t\t\t<\/div>\n\t\t","protected":false},"excerpt":{"rendered":"<p>Alkalmaz\u00e1saink Home Btbots &#8211; Kriptokeresked\u00e9si robotok Egy teljesen ingyenes kriptovaluta automatikus keresked\u00e9si robotrendszer, amely a Binance keresked\u00e9si platformhoz csatlakozva k\u00fcl\u00f6nf\u00e9le<\/p>\n","protected":false},"author":1,"featured_media":0,"parent":0,"menu_order":0,"comment_status":"closed","ping_status":"closed","template":"","meta":{"footnotes":""},"class_list":["post-9622","page","type-page","status-publish","hentry"],"aioseo_notices":[],"_links":{"self":[{"href":"https:\/\/geehootek.com\/hu\/wp-json\/wp\/v2\/pages\/9622","targetHints":{"allow":["GET"]}}],"collection":[{"href":"https:\/\/geehootek.com\/hu\/wp-json\/wp\/v2\/pages"}],"about":[{"href":"https:\/\/geehootek.com\/hu\/wp-json\/wp\/v2\/types\/page"}],"author":[{"embeddable":true,"href":"https:\/\/geehootek.com\/hu\/wp-json\/wp\/v2\/users\/1"}],"replies":[{"embeddable":true,"href":"https:\/\/geehootek.com\/hu\/wp-json\/wp\/v2\/comments?post=9622"}],"version-history":[{"count":6,"href":"https:\/\/geehootek.com\/hu\/wp-json\/wp\/v2\/pages\/9622\/revisions"}],"predecessor-version":[{"id":10101,"href":"https:\/\/geehootek.com\/hu\/wp-json\/wp\/v2\/pages\/9622\/revisions\/10101"}],"wp:attachment":[{"href":"https:\/\/geehootek.com\/hu\/wp-json\/wp\/v2\/media?parent=9622"}],"curies":[{"name":"wp","href":"https:\/\/api.w.org\/{rel}","templated":true}]}}